{"id":1801,"date":"2024-12-23T00:57:32","date_gmt":"2024-12-22T23:57:32","guid":{"rendered":"https:\/\/nuclearsharing.eu\/?page_id=1801"},"modified":"2024-12-23T01:02:40","modified_gmt":"2024-12-23T00:02:40","slug":"dispiegamento","status":"publish","type":"page","link":"https:\/\/nuclearsharing.eu\/it\/nuclear-sharing-in-italy\/dispiegamento\/","title":{"rendered":"Dispiegamento"},"content":{"rendered":"\n<p><br>Dal 1956 l&#8217;Italia ospita armi nucleari statunitensi, bombe nucleari B-61, in base all&#8217;accordo di condivisione nucleare della NATO. Lo stazionamento delle armi nucleari statunitensi sul suolo di un determinato paese non \u00e8 un requisito per partecipare alla formulazione della strategia nucleare della NATO. La maggior parte dei membri della NATO non ospita armi nucleari, eppure \u00e8 coinvolta nelle discussioni sul nucleare della NATO. L&#8217;Italia \u00e8 tuttavia l&#8217;unico membro dell&#8217;Alleanza che conta sul proprio territorio due basi nucleari NATO: la base aerea italiana di Ghedi e la base aerea statunitense di Aviano. Il numero esatto di armi nucleari dispiegate in queste due basi \u00e8 classificato ma \u00e8 noto che l&#8217;Italia \u00e8 attualmente il Paese della NATO con il maggior numero di armi nucleari statunitensi dispiegate sul suo territorio. <a href=\"https:\/\/www.iai.it\/en\/pubblicazioni\/italy-and-nuclear-ban-treaty-hesitant-opening\">Gli esperti concordano<\/a> sul fatto che il loro numero sia compreso tra <a href=\"https:\/\/www.icanw.org\/italy\">40 e 70<\/a> (su 180 schierate in Europa, il 39%).<\/p>\n\n\n\n<figure class=\"wp-block-image alignwide size-large\"><img loading=\"lazy\" decoding=\"async\" width=\"1024\" height=\"556\" src=\"https:\/\/nuclearsharing.eu\/files\/2022\/06\/nukleareteilhabe_grafiken_EN_1-1024x556.jpg\" alt=\"\" class=\"wp-image-1001\" srcset=\"https:\/\/nuclearsharing.eu\/files\/2022\/06\/nukleareteilhabe_grafiken_EN_1-1024x556.jpg 1024w, https:\/\/nuclearsharing.eu\/files\/2022\/06\/nukleareteilhabe_grafiken_EN_1-300x163.jpg 300w, https:\/\/nuclearsharing.eu\/files\/2022\/06\/nukleareteilhabe_grafiken_EN_1-768x417.jpg 768w, https:\/\/nuclearsharing.eu\/files\/2022\/06\/nukleareteilhabe_grafiken_EN_1-1536x834.jpg 1536w, https:\/\/nuclearsharing.eu\/files\/2022\/06\/nukleareteilhabe_grafiken_EN_1-2048x1112.jpg 2048w, https:\/\/nuclearsharing.eu\/files\/2022\/06\/nukleareteilhabe_grafiken_EN_1-1200x651.jpg 1200w, https:\/\/nuclearsharing.eu\/files\/2022\/06\/nukleareteilhabe_grafiken_EN_1-1980x1075.jpg 1980w\" sizes=\"auto, (max-width: 1024px) 100vw, 1024px\" \/><figcaption class=\"wp-element-caption\">Condivisione nucleare nella NATO: tutti i membri della NATO partecipano alle riunioni del Nuclear Planning Group eccetto la Francia.<\/figcaption><\/figure>\n\n\n\n<figure class=\"wp-block-table\"><table><tbody><tr><td><strong>Paese<\/strong><\/td><td><strong>Luogo<\/strong><\/td><td class=\"has-text-align-center\" data-align=\"center\">Numero di Armi Nucleari<\/td><\/tr><tr><td>Germany<\/td><td>B\u00fcchel<\/td><td class=\"has-text-align-center\" data-align=\"center\">15<\/td><\/tr><tr><td>Belgio<\/td><td>Kleine Brogel<\/td><td class=\"has-text-align-center\" data-align=\"center\">15<\/td><\/tr><tr><td>Paesi Bassi<\/td><td>Volkel<\/td><td class=\"has-text-align-center\" data-align=\"center\">15<\/td><\/tr><tr><td>Italia<\/td><td>Aviano<\/td><td class=\"has-text-align-center\" data-align=\"center\">20<\/td><\/tr><tr><td>Italia<\/td><td>Ghedi Torre<\/td><td class=\"has-text-align-center\" data-align=\"center\">15<\/td><\/tr><tr><td>Turchia<\/td><td>\u0130ncirlik<\/td><td class=\"has-text-align-center\" data-align=\"center\">20<\/td><\/tr><tr><td><strong>Totale<\/strong><\/td><td><\/td><td class=\"has-text-align-center\" data-align=\"center\"><strong>100<\/strong><\/td><\/tr><\/tbody><\/table><figcaption class=\"wp-element-caption\">Dove sono attualmente dislocate le armi nucleari statunitensi? Le cifre indicate sono stime di <a href=\"https:\/\/fas.org\/blogs\/security\/2021\/10\/steadfastnoon2021\/\" target=\"_blank\" rel=\"noopener\" title=\"\">H. Kristensen and M. Korda (2021)<\/a>.<\/figcaption><\/figure>\n\n\n\n<p><br>La base aerea di Aviano ospita il 31\u00b0 Stormo degli Stati Uniti con due squadroni di cacciabombardieri F-16 con capacit\u00e0 nucleare e la base aerea di Ghedi ospita il 6\u00b0 Stormo equipaggiato con velivoli Tornado PA-200. L&#8217;Aeronautica Militare Italiana sta attualmente acquistando il velivolo di quinta generazione <a href=\"https:\/\/www.f35.com\/f35\/global-enterprise\/italy.html\">F-35A<\/a> con capacit\u00e0 nucleare. Negli ultimi anni la Base Aerea di Ghedi ha subito importanti potenziamenti e nel giugno 2022 l&#8217;Aeronautica Militare Italiana ha iniziato a sostituire i suoi Tornado con F-35A.<\/p>\n\n\n\n<p><br>In tempo di pace le armi nucleari statunitensi dispiegate all&#8217;estero nell&#8217;ambito dell&#8217;accordo di condivisione nucleare della NATO sono mantenute sotto il controllo del personale dell&#8217;aeronautica americana; in particolare a Ghedi le B-61 sono sotto la custodia del 704th Munitions Support Squadron (MUNSS). I piloti dell&#8217;Aeronautica Militare italiana comunque si preparano e si addestrano per condurre missioni nucleari su base continuativa; in caso di guerra infatti le B-61 saranno trasferite all&#8217;Aeronautica Militare Italiana che assumer\u00e0 il controllo delle operazioni nucleari nel quadro della catena di comando dell\u2019Alleanza Atlantica.<\/p>\n\n\n\n<p><br>L&#8217;onere finanziario per ospitare le armi nucleari \u00e8 tutt&#8217;altro che trascurabile in quanto l&#8217;Italia paga per la base del 704\u00b0 MUNSS, per tutti gli aggiornamenti di sicurezza necessari per proteggere le armi alla base, oltre che ovviamente per l\u2019addestramento dei piloti ed i costi di mantenimento dei Tornado.<\/p>\n","protected":false},"excerpt":{"rendered":"<p>Dal 1956 l&#8217;Italia ospita armi nucleari statunitensi, bombe nucleari B-61, in base all&#8217;accordo di condivisione nucleare della NATO. Lo stazionamento delle armi nucleari statunitensi sul suolo di un determinato paese non \u00e8 un requisito per partecipare alla formulazione della strategia nucleare della NATO. La maggior parte dei membri della NATO non ospita armi nucleari, eppure [&hellip;]<\/p>\n","protected":false},"author":222,"featured_media":0,"parent":1795,"menu_order":0,"comment_status":"closed","ping_status":"closed","template":"","meta":{"footnotes":""},"class_list":["post-1801","page","type-page","status-publish","hentry"],"aioseo_notices":[],"_links":{"self":[{"href":"https:\/\/nuclearsharing.eu\/it\/wp-json\/wp\/v2\/pages\/1801","targetHints":{"allow":["GET"]}}],"collection":[{"href":"https:\/\/nuclearsharing.eu\/it\/wp-json\/wp\/v2\/pages"}],"about":[{"href":"https:\/\/nuclearsharing.eu\/it\/wp-json\/wp\/v2\/types\/page"}],"author":[{"embeddable":true,"href":"https:\/\/nuclearsharing.eu\/it\/wp-json\/wp\/v2\/users\/222"}],"replies":[{"embeddable":true,"href":"https:\/\/nuclearsharing.eu\/it\/wp-json\/wp\/v2\/comments?post=1801"}],"version-history":[{"count":3,"href":"https:\/\/nuclearsharing.eu\/it\/wp-json\/wp\/v2\/pages\/1801\/revisions"}],"predecessor-version":[{"id":1809,"href":"https:\/\/nuclearsharing.eu\/it\/wp-json\/wp\/v2\/pages\/1801\/revisions\/1809"}],"up":[{"embeddable":true,"href":"https:\/\/nuclearsharing.eu\/it\/wp-json\/wp\/v2\/pages\/1795"}],"wp:attachment":[{"href":"https:\/\/nuclearsharing.eu\/it\/wp-json\/wp\/v2\/media?parent=1801"}],"curies":[{"name":"wp","href":"https:\/\/api.w.org\/{rel}","templated":true}]}}