{"id":1095,"date":"2022-06-08T13:50:37","date_gmt":"2022-06-08T11:50:37","guid":{"rendered":"https:\/\/nuclearsharing.eu\/?page_id=1095"},"modified":"2023-10-05T11:48:42","modified_gmt":"2023-10-05T09:48:42","slug":"about-the-project","status":"publish","type":"page","link":"https:\/\/nuclearsharing.eu\/en\/about-the-project\/","title":{"rendered":"About the project"},"content":{"rendered":"\n<p><\/p>\n\n\n\n<h5 class=\"wp-block-heading\">The project<\/h5>\n\n\n\n<p>Intense political discussions have repeatedly taken place around NATO Nuclear Sharing, particularly the stationing of US nuclear weapons in Germany. The last round began in 2020 as part of the debate about a successor to the Tornado fighter aircraft. Three points are often problematic in these debates: In-depth knowledge is limited to a very small group of experts, technical information is often lacking in the debate, and a considerable amount of crucial information is subject to secrecy.<\/p>\n\n\n\n<p>This website is a one-stop resource for technical, historical, legal, and political information. It is intended to serve as a reference for experts and decision-makers while at the same time providing factual knowledge on NATO Nuclear Sharing.&nbsp; <\/p>\n\n\n\n<p>The website was created in cooperation between the Institute for Peace Research and Security Policy at the University of Hamburg (IFSH) and the <a href=\"https:\/\/www.boell.de\/referat\/au\u00dfen-sicherheitspolitik\" target=\"_blank\" rel=\"noopener\" title=\"\">Foreign and Security Policy Division<\/a> of the Heinrich B\u00f6ll Foundation. The project participants Moritz K\u00fctt, Giorgio Franceschini, and Milena Gr\u00fcnewald were responsible for the idea, design, and implementation. Moritz K\u00fctt was the principal author of the German case study. It was first published in spring 2021.<\/p>\n\n\n\n<h5 class=\"wp-block-heading\">The IFSH<a href=\"https:\/\/ifsh.de\/\" target=\"_blank\" rel=\"noreferrer noopener\" title=\"https:\/\/ifsh.de\/\"><\/a><\/h5>\n\n\n\n<p>The <a href=\"https:\/\/ifsh.de\/en\" target=\"_blank\" rel=\"noopener\" title=\"\">Institute for Peace Research and Security Policy<\/a> at the University of Hamburg (IFSH) was founded in June 1971. It is one of the leading peace research institutes in Germany and is funded by the city of Hamburg. The IFSH studies the conditions of peace and security in Germany, Europe, and beyond. Its scientists look for answers from various perspectives and disciplines that combine social and scientific research competence. The IFSH provides its scientific expertise and research results to policymakers and society, including the German government, members of the specialist committees of the Bundestag, and international organizations. <a href=\"https:\/\/ifsh.de\/en\/the-debate-surrounding-nuclear-sharing\" target=\"_blank\" rel=\"noopener\" title=\"\">Nuclear sharing<\/a> has been a central research topic for many years.<\/p>\n\n\n\n<h5 class=\"wp-block-heading\">The Heinrich B\u00f6ll Foundation<\/h5>\n\n\n\n<p>The <a href=\"https:\/\/www.boell.de\/en\" target=\"_blank\" rel=\"noopener\" title=\"\">Heinrich B\u00f6ll Foundation<\/a>, based in Berlin, is a political foundation with close ties to Alliance 90\/The Greens.<\/p>\n\n\n\n<p>The foundation sees itself as an agency for green ideas and projects, a reform policy future workshop, and an international network with partner projects in around 60 countries. Its primary mission is political education at home and abroad to promote democratic decision-making, socio-political commitment, and international understanding. It is guided by the fundamental political values of ecology, democracy, solidarity, and non-violence.<\/p>\n\n\n\n<h5 class=\"wp-block-heading\">The project team<\/h5>\n\n\n\n<p><img loading=\"lazy\" decoding=\"async\" width=\"1384\" height=\"1360\" class=\"wp-image-739\" style=\"width: 250px\" src=\"http:\/\/nuclearsharing.eu\/files\/2021\/04\/moritz-princeton-lab.jpg\" alt=\"\" srcset=\"https:\/\/nuclearsharing.eu\/files\/2021\/04\/moritz-princeton-lab.jpg 1384w, https:\/\/nuclearsharing.eu\/files\/2021\/04\/moritz-princeton-lab-300x295.jpg 300w, https:\/\/nuclearsharing.eu\/files\/2021\/04\/moritz-princeton-lab-1024x1006.jpg 1024w, https:\/\/nuclearsharing.eu\/files\/2021\/04\/moritz-princeton-lab-768x755.jpg 768w, https:\/\/nuclearsharing.eu\/files\/2021\/04\/moritz-princeton-lab-1200x1179.jpg 1200w\" sizes=\"auto, (max-width: 1384px) 100vw, 1384px\" \/>  <\/p>\n\n\n\n<p> <a href=\"https:\/\/ifsh.de\/en\/staff\/kuett\" target=\"_blank\" rel=\"noopener\" title=\"\">Moritz K\u00fctt<\/a> has been active as a senior researcher in the Arms Control and New Technologies research area at IFSH since August 2019. He is a physicist (Ph.D.) and political scientist (BA) and received his Ph.D. from TU Darmstadt in 2016 with a thesis on the role of open-source software for building trust in nuclear arms control. Before moving to Hamburg, he was a postdoctoral research associate with the Program on Science and Global Security at Princeton University. His research focuses on developing new approaches and innovative technologies for the verification of nuclear arms control, non-proliferation, and nuclear disarmament. He is currently working on the verification of the recently negotiated nuclear weapons ban treaty, as well as options for new confidence-building measures in the European arms control context.<\/p>\n\n\n\n<figure class=\"wp-block-image size-large is-resized\"><img loading=\"lazy\" decoding=\"async\" src=\"http:\/\/nuclearsharing.eu\/files\/2023\/03\/4-panel-2-klein-9668-1-1024x682.jpg\" alt=\"\" class=\"wp-image-1365\" style=\"width:303px;height:202px\" width=\"303\" height=\"202\" srcset=\"https:\/\/nuclearsharing.eu\/files\/2023\/03\/4-panel-2-klein-9668-1-1024x682.jpg 1024w, https:\/\/nuclearsharing.eu\/files\/2023\/03\/4-panel-2-klein-9668-1-300x200.jpg 300w, https:\/\/nuclearsharing.eu\/files\/2023\/03\/4-panel-2-klein-9668-1-768x511.jpg 768w, https:\/\/nuclearsharing.eu\/files\/2023\/03\/4-panel-2-klein-9668-1-1536x1022.jpg 1536w, https:\/\/nuclearsharing.eu\/files\/2023\/03\/4-panel-2-klein-9668-1-1200x799.jpg 1200w, https:\/\/nuclearsharing.eu\/files\/2023\/03\/4-panel-2-klein-9668-1.jpg 1800w\" sizes=\"auto, (max-width: 303px) 100vw, 303px\" \/><\/figure>\n\n\n\n<p><a href=\"https:\/\/www.boell.de\/de\/person\/giorgio-franceschini\" target=\"_blank\" rel=\"noopener\" title=\"\">Giorgio Franceschini<\/a> is the Head of the Foreign and Security Policy Division at the Heinrich B\u00f6ll Foundation. His work focuses on the current challenges of German and European foreign and security policy, especially in arms control, digitization, and new disruptive technologies. Before moving to the B\u00f6ll Foundation in November 2017, he was a researcher at the Peace Research Institute Frankfurt (PRIF) and the TU Darmstadt, as well as the chairman of the EU Non-Proliferation and Disarmament Consortium.<\/p>\n\n\n\n<figure class=\"wp-block-image size-full is-resized\"><img loading=\"lazy\" decoding=\"async\" src=\"http:\/\/nuclearsharing.eu\/files\/2021\/11\/MilenaGruenewald.jpg\" alt=\"\" class=\"wp-image-927\" style=\"width:280px;height:187px\" width=\"280\" height=\"187\" srcset=\"https:\/\/nuclearsharing.eu\/files\/2021\/11\/MilenaGruenewald.jpg 980w, https:\/\/nuclearsharing.eu\/files\/2021\/11\/MilenaGruenewald-300x200.jpg 300w, https:\/\/nuclearsharing.eu\/files\/2021\/11\/MilenaGruenewald-768x513.jpg 768w\" sizes=\"auto, (max-width: 280px) 100vw, 280px\" \/><\/figure>\n\n\n\n<p><a href=\"https:\/\/www.boell.de\/de\/person\/milena-gruenewald\" target=\"_blank\" rel=\"noreferrer noopener\">Milena Gr\u00fcnewald<\/a> is a project officer in the Foreign and Security Policy Division of the Heinrich B\u00f6ll Foundation.&nbsp;<\/p>\n","protected":false},"excerpt":{"rendered":"<p>The project Intense political discussions have repeatedly taken place around NATO Nuclear Sharing, particularly the stationing of US nuclear weapons in Germany. The last round began in 2020 as part of the debate about a successor to the Tornado fighter aircraft. Three points are often problematic in these debates: In-depth knowledge is limited to a [&hellip;]<\/p>\n","protected":false},"author":222,"featured_media":0,"parent":0,"menu_order":0,"comment_status":"closed","ping_status":"closed","template":"","meta":{"footnotes":""},"class_list":["post-1095","page","type-page","status-publish","hentry"],"aioseo_notices":[],"_links":{"self":[{"href":"https:\/\/nuclearsharing.eu\/en\/wp-json\/wp\/v2\/pages\/1095","targetHints":{"allow":["GET"]}}],"collection":[{"href":"https:\/\/nuclearsharing.eu\/en\/wp-json\/wp\/v2\/pages"}],"about":[{"href":"https:\/\/nuclearsharing.eu\/en\/wp-json\/wp\/v2\/types\/page"}],"author":[{"embeddable":true,"href":"https:\/\/nuclearsharing.eu\/en\/wp-json\/wp\/v2\/users\/222"}],"replies":[{"embeddable":true,"href":"https:\/\/nuclearsharing.eu\/en\/wp-json\/wp\/v2\/comments?post=1095"}],"version-history":[{"count":3,"href":"https:\/\/nuclearsharing.eu\/en\/wp-json\/wp\/v2\/pages\/1095\/revisions"}],"predecessor-version":[{"id":1405,"href":"https:\/\/nuclearsharing.eu\/en\/wp-json\/wp\/v2\/pages\/1095\/revisions\/1405"}],"wp:attachment":[{"href":"https:\/\/nuclearsharing.eu\/en\/wp-json\/wp\/v2\/media?parent=1095"}],"curies":[{"name":"wp","href":"https:\/\/api.w.org\/{rel}","templated":true}]}}